{"id":745,"date":"2016-03-10T18:51:46","date_gmt":"2016-03-10T18:51:46","guid":{"rendered":"https:\/\/default.houzez.co\/?page_id=745"},"modified":"2024-05-21T07:29:03","modified_gmt":"2024-05-21T05:29:03","slug":"terminos-condiciones","status":"publish","type":"page","link":"https:\/\/grupodomis.lat.do\/en\/terminos-condiciones\/","title":{"rendered":"Terms and Conditions"},"content":{"rendered":"<div data-elementor-type=\"wp-page\" data-elementor-id=\"745\" class=\"elementor elementor-745\" data-elementor-post-type=\"page\">\n\t\t\t\t<div class=\"elementor-element elementor-element-79cef9d animated-slow e-flex e-con-boxed elementor-invisible e-con e-parent\" data-id=\"79cef9d\" data-element_type=\"container\" data-settings=\"{&quot;background_background&quot;:&quot;classic&quot;,&quot;animation&quot;:&quot;fadeIn&quot;}\">\n\t\t\t\t\t<div class=\"e-con-inner\">\n\t\t<div class=\"elementor-element elementor-element-3ea6da3 e-con-full e-flex e-con e-child\" data-id=\"3ea6da3\" data-element_type=\"container\">\n\t\t\t\t<div class=\"elementor-element elementor-element-0e382a9 elementor-widget elementor-widget-heading\" data-id=\"0e382a9\" data-element_type=\"widget\" data-widget_type=\"heading.default\">\n\t\t\t\t<div class=\"elementor-widget-container\">\n\t\t\t<style>\/*! elementor - v3.21.0 - 26-05-2024 *\/\n.elementor-heading-title{padding:0;margin:0;line-height:1}.elementor-widget-heading .elementor-heading-title[class*=elementor-size-]>a{color:inherit;font-size:inherit;line-height:inherit}.elementor-widget-heading .elementor-heading-title.elementor-size-small{font-size:15px}.elementor-widget-heading .elementor-heading-title.elementor-size-medium{font-size:19px}.elementor-widget-heading .elementor-heading-title.elementor-size-large{font-size:29px}.elementor-widget-heading .elementor-heading-title.elementor-size-xl{font-size:39px}.elementor-widget-heading .elementor-heading-title.elementor-size-xxl{font-size:59px}<\/style><h1 class=\"elementor-heading-title elementor-size-default\">Terms and Conditions<\/h1>\t\t<\/div>\n\t\t\t\t<\/div>\n\t\t\t\t<\/div>\n\t\t\t\t\t<\/div>\n\t\t\t\t<\/div>\n\t\t<div class=\"elementor-element elementor-element-659a3e00 e-flex e-con-boxed e-con e-parent\" data-id=\"659a3e00\" data-element_type=\"container\">\n\t\t\t\t\t<div class=\"e-con-inner\">\n\t\t\t\t<div class=\"elementor-element elementor-element-3946fc5 elementor-widget elementor-widget-text-editor\" data-id=\"3946fc5\" data-element_type=\"widget\" data-widget_type=\"text-editor.default\">\n\t\t\t\t<div class=\"elementor-widget-container\">\n\t\t\t<style>\/*! elementor - v3.21.0 - 26-05-2024 *\/\n.elementor-widget-text-editor.elementor-drop-cap-view-stacked .elementor-drop-cap{background-color:#69727d;color:#fff}.elementor-widget-text-editor.elementor-drop-cap-view-framed .elementor-drop-cap{color:#69727d;border:3px solid;background-color:transparent}.elementor-widget-text-editor:not(.elementor-drop-cap-view-default) .elementor-drop-cap{margin-top:8px}.elementor-widget-text-editor:not(.elementor-drop-cap-view-default) .elementor-drop-cap-letter{width:1em;height:1em}.elementor-widget-text-editor .elementor-drop-cap{float:left;text-align:center;line-height:1;font-size:50px}.elementor-widget-text-editor .elementor-drop-cap-letter{display:inline-block}<\/style>\t\t\t\t<p>It is a necessary requirement for the acquisition of the products offered on this site that you read and accept the following Terms and Conditions that are written below. The use of our services as well as the purchase of our products will imply that you have read and accepted the Terms and Conditions of Use in this document. All products offered by our website may be created, charged, sent or presented by a third party website and in such case would be subject to their own Terms and Conditions. In some cases, to acquire a product, registration by the user will be necessary, with entry of reliable personal data and definition of a password.<\/p><p>The user can choose and change the password for access to the account administration at any time, if he\/she has registered and it is necessary for the purchase of any of our products. grupodomis.com does not assume responsibility if you give said password to third parties.<\/p><p>All purchases and transactions carried out through this website are subject to a confirmation and verification process, which may include verification of stock and product availability, validation of the payment method, validation of the invoice (if applicable) and compliance with the conditions required by the selected payment method. In some cases, verification by email may be required.<\/p><p>The prices of the products offered in this Online Store are valid only for purchases made on this website.<\/p><p><strong>LICENSE<\/strong><\/p><p>DOMIS Group through its website grants a license for users to use the products that are sold on this website in accordance with the Terms and Conditions described in this document.<\/p><p><strong>UNAUTHORIZED USE<\/strong><\/p><p>Where applicable (for the sale of software, templates, or other design and programming product) you may not place any of our products, modified or unmodified, on a CD, website or any other medium and offer them for redistribution or resale of any kind.<\/p><p><strong>PROPERTY<\/strong><\/p><p>You may not claim intellectual or exclusive ownership to any of our products, modified or unmodified. All products are the property of the content providers. Unless otherwise specified, our products are provided without any warranty of any kind, express or implied. In no event shall this company be liable for any damages including, but not limited to, direct, indirect, special, incidental or consequential damages or other losses resulting from the use of or inability to use our products.<\/p><p><strong>REFUND AND WARRANTY POLICY<\/strong><\/p><p>In the case of products that are irrevocable non-tangible goods, we do not issue refunds after the product is shipped, you have the responsibility to understand before purchasing. We ask that you read carefully before purchasing. We only make exceptions to this rule when the description does not match the product. There are some products that may have a warranty and the possibility of a refund, but this will be specified when purchasing the product. In such cases, the warranty will only cover factory defects and will only be effective when the product has been used correctly. The warranty does not cover breakdowns or damage caused by improper use. The terms of the warranty are associated with manufacturing and operating defects under normal conditions of the products and these terms will only be effective if the equipment has been used correctly. This includes:<\/p><p>\u2013 According to the technical specifications indicated for each product.<br>\u2013 Under environmental conditions in accordance with the specifications indicated by the manufacturer.<br>\u2013 In specific use for the function for which it was designed from the factory.<br>\u2013 Under electrical operating conditions in accordance with the specifications and tolerances indicated.<\/p><p><strong>ANTI-FRAUD CHECK<\/strong><\/p><p>The customer&#039;s purchase may be deferred for anti-fraud checks. It may also be suspended for a longer period for further investigation, to prevent fraudulent transactions.<\/p><p><strong>PRIVACY<\/strong><\/p><p>This groupdomis.com guarantees that the <a href=\"\" target=\"_blank\"><\/a> The personal information you submit is protected by the necessary security measures. Data entered by the user or in the case of requiring order validation will not be given to third parties, unless it must be disclosed in compliance with a court order or legal requirements.<\/p><p>Subscription to promotional email newsletters is voluntary and may be selected when creating your account.<\/p><p>DOMIS Group reserves the right to change or modify these terms without prior notice.<\/p>\t\t\t\t\t\t<\/div>\n\t\t\t\t<\/div>\n\t\t\t\t\t<\/div>\n\t\t\t\t<\/div>\n\t\t\t\t<\/div>","protected":false},"excerpt":{"rendered":"<p>Es requisito necesario para la adquisici\u00f3n de los productos que se ofrecen en este sitio, que lea y acepte los siguientes T\u00e9rminos y Condiciones que a continuaci\u00f3n se redactan. El uso de nuestros servicios as\u00ed como la compra de nuestros productos implicar\u00e1 que usted ha le\u00eddo y aceptado los T\u00e9rminos y Condiciones de Uso en [&hellip;]<\/p>","protected":false},"author":1,"featured_media":0,"parent":0,"menu_order":0,"comment_status":"closed","ping_status":"closed","template":"","meta":{"content-type":"","footnotes":""},"class_list":["post-745","page","type-page","status-publish","hentry"],"_links":{"self":[{"href":"https:\/\/grupodomis.lat.do\/en\/wp-json\/wp\/v2\/pages\/745","targetHints":{"allow":["GET"]}}],"collection":[{"href":"https:\/\/grupodomis.lat.do\/en\/wp-json\/wp\/v2\/pages"}],"about":[{"href":"https:\/\/grupodomis.lat.do\/en\/wp-json\/wp\/v2\/types\/page"}],"author":[{"embeddable":true,"href":"https:\/\/grupodomis.lat.do\/en\/wp-json\/wp\/v2\/users\/1"}],"replies":[{"embeddable":true,"href":"https:\/\/grupodomis.lat.do\/en\/wp-json\/wp\/v2\/comments?post=745"}],"version-history":[{"count":11,"href":"https:\/\/grupodomis.lat.do\/en\/wp-json\/wp\/v2\/pages\/745\/revisions"}],"predecessor-version":[{"id":19656,"href":"https:\/\/grupodomis.lat.do\/en\/wp-json\/wp\/v2\/pages\/745\/revisions\/19656"}],"wp:attachment":[{"href":"https:\/\/grupodomis.lat.do\/en\/wp-json\/wp\/v2\/media?parent=745"}],"curies":[{"name":"wp","href":"https:\/\/api.w.org\/{rel}","templated":true}]}}