{"id":19634,"date":"2016-03-10T18:51:46","date_gmt":"2016-03-10T17:51:46","guid":{"rendered":"https:\/\/grupodomis.lat.do\/terms-and-conditions-2\/"},"modified":"2024-05-21T07:28:58","modified_gmt":"2024-05-21T05:28:58","slug":"politicas-cookies","status":"publish","type":"page","link":"https:\/\/grupodomis.lat.do\/en\/politicas-cookies\/","title":{"rendered":"Cookie policies"},"content":{"rendered":"<div data-elementor-type=\"wp-page\" data-elementor-id=\"19634\" class=\"elementor elementor-19634\" data-elementor-post-type=\"page\">\n\t\t\t\t<div class=\"elementor-element elementor-element-d21b4cc animated-slow e-flex e-con-boxed elementor-invisible e-con e-parent\" data-id=\"d21b4cc\" data-element_type=\"container\" data-settings=\"{&quot;background_background&quot;:&quot;classic&quot;,&quot;animation&quot;:&quot;fadeIn&quot;}\">\n\t\t\t\t\t<div class=\"e-con-inner\">\n\t\t<div class=\"elementor-element elementor-element-ca05cda e-con-full e-flex e-con e-child\" data-id=\"ca05cda\" data-element_type=\"container\">\n\t\t\t\t<div class=\"elementor-element elementor-element-6193a4f elementor-widget elementor-widget-heading\" data-id=\"6193a4f\" data-element_type=\"widget\" data-widget_type=\"heading.default\">\n\t\t\t\t<div class=\"elementor-widget-container\">\n\t\t\t<style>\/*! elementor - v3.21.0 - 26-05-2024 *\/\n.elementor-heading-title{padding:0;margin:0;line-height:1}.elementor-widget-heading .elementor-heading-title[class*=elementor-size-]>a{color:inherit;font-size:inherit;line-height:inherit}.elementor-widget-heading .elementor-heading-title.elementor-size-small{font-size:15px}.elementor-widget-heading .elementor-heading-title.elementor-size-medium{font-size:19px}.elementor-widget-heading .elementor-heading-title.elementor-size-large{font-size:29px}.elementor-widget-heading .elementor-heading-title.elementor-size-xl{font-size:39px}.elementor-widget-heading .elementor-heading-title.elementor-size-xxl{font-size:59px}<\/style><h1 class=\"elementor-heading-title elementor-size-default\">Cookie policies<\/h1>\t\t<\/div>\n\t\t\t\t<\/div>\n\t\t\t\t<\/div>\n\t\t\t\t\t<\/div>\n\t\t\t\t<\/div>\n\t\t<div class=\"elementor-element elementor-element-d63ba19 e-flex e-con-boxed e-con e-parent\" data-id=\"d63ba19\" data-element_type=\"container\">\n\t\t\t\t\t<div class=\"e-con-inner\">\n\t\t\t\t<div class=\"elementor-element elementor-element-d9ebb2e elementor-widget elementor-widget-text-editor\" data-id=\"d9ebb2e\" data-element_type=\"widget\" data-widget_type=\"text-editor.default\">\n\t\t\t\t<div class=\"elementor-widget-container\">\n\t\t\t<style>\/*! elementor - v3.21.0 - 26-05-2024 *\/\n.elementor-widget-text-editor.elementor-drop-cap-view-stacked .elementor-drop-cap{background-color:#69727d;color:#fff}.elementor-widget-text-editor.elementor-drop-cap-view-framed .elementor-drop-cap{color:#69727d;border:3px solid;background-color:transparent}.elementor-widget-text-editor:not(.elementor-drop-cap-view-default) .elementor-drop-cap{margin-top:8px}.elementor-widget-text-editor:not(.elementor-drop-cap-view-default) .elementor-drop-cap-letter{width:1em;height:1em}.elementor-widget-text-editor .elementor-drop-cap{float:left;text-align:center;line-height:1;font-size:50px}.elementor-widget-text-editor .elementor-drop-cap-letter{display:inline-block}<\/style>\t\t\t\t<p><strong>What are cookies?<\/strong><\/p><p>Cookies are small text files that are stored on your device (computer, mobile phone or tablet) when you visit our website. They are used to remember your browsing preferences and offer you a more personalized experience.<\/p><p><strong>What types of cookies do we use?<\/strong><\/p><ul><li><p><strong>Essential Cookies:<\/strong> These cookies are necessary for the basic functioning of our website. They allow us to remember your cookie preferences and ensure the security of the site.<\/p><\/li><li><p><strong>Performance Cookies:<\/strong> These cookies allow us to collect information about how you use our website, such as the pages you visit and the links you click. We use this information to improve the performance and usability of our site.<\/p><\/li><li><p><strong>Functionality Cookies:<\/strong> These cookies are used to remember your preferences and provide you with a more personalized experience. For example, they can remember your username and your preferred language.<\/p><\/li><li><p><strong>Advertising Cookies:<\/strong> These cookies are used to show you adverts relevant to you and your interests. They may also be used to limit the number of times you see an advertisement as well as help measure the effectiveness of an advertising campaign.<\/p><\/li><\/ul><p><strong>How can you manage cookies?<\/strong><\/p><p>You can manage cookies in your browser settings. Most browsers allow you to block or delete cookies, although this may affect the functionality of certain parts of our website.<\/p><p><strong>What do we do with the information collected?<\/strong><\/p><p>The information collected through cookies is used solely for statistical purposes and to improve the user experience on our website. We do not share this information with third parties.<\/p><p><strong>How can I get more information?<\/strong><\/p><p>If you have any questions about our cookie policy, please do not hesitate to contact us using our contact details.<\/p>\t\t\t\t\t\t<\/div>\n\t\t\t\t<\/div>\n\t\t\t\t\t<\/div>\n\t\t\t\t<\/div>\n\t\t\t\t<\/div>","protected":false},"excerpt":{"rendered":"<p>\u00bfQu\u00e9 son las cookies? Las cookies son peque\u00f1os archivos de texto que se almacenan en tu dispositivo (ordenador, tel\u00e9fono m\u00f3vil o tableta) cuando visitas nuestra p\u00e1gina web. Se utilizan para recordar tus preferencias de navegaci\u00f3n y ofrecerte una experiencia m\u00e1s personalizada. \u00bfQu\u00e9 tipos de cookies utilizamos? Cookies Esenciales: Estas cookies son necesarias para el funcionamiento [&hellip;]<\/p>","protected":false},"author":1,"featured_media":0,"parent":0,"menu_order":0,"comment_status":"closed","ping_status":"closed","template":"","meta":{"content-type":"","footnotes":""},"class_list":["post-19634","page","type-page","status-publish","hentry"],"_links":{"self":[{"href":"https:\/\/grupodomis.lat.do\/en\/wp-json\/wp\/v2\/pages\/19634","targetHints":{"allow":["GET"]}}],"collection":[{"href":"https:\/\/grupodomis.lat.do\/en\/wp-json\/wp\/v2\/pages"}],"about":[{"href":"https:\/\/grupodomis.lat.do\/en\/wp-json\/wp\/v2\/types\/page"}],"author":[{"embeddable":true,"href":"https:\/\/grupodomis.lat.do\/en\/wp-json\/wp\/v2\/users\/1"}],"replies":[{"embeddable":true,"href":"https:\/\/grupodomis.lat.do\/en\/wp-json\/wp\/v2\/comments?post=19634"}],"version-history":[{"count":5,"href":"https:\/\/grupodomis.lat.do\/en\/wp-json\/wp\/v2\/pages\/19634\/revisions"}],"predecessor-version":[{"id":19655,"href":"https:\/\/grupodomis.lat.do\/en\/wp-json\/wp\/v2\/pages\/19634\/revisions\/19655"}],"wp:attachment":[{"href":"https:\/\/grupodomis.lat.do\/en\/wp-json\/wp\/v2\/media?parent=19634"}],"curies":[{"name":"wp","href":"https:\/\/api.w.org\/{rel}","templated":true}]}}